{"id":4332,"date":"2021-05-03T17:15:10","date_gmt":"2021-05-03T15:15:10","guid":{"rendered":"https:\/\/bfo-ag.de\/?page_id=4332"},"modified":"2021-05-27T19:04:19","modified_gmt":"2021-05-27T17:04:19","slug":"stiftungsberatung","status":"publish","type":"page","link":"https:\/\/bfo-ag.de\/index.php\/leistungen\/stiftungsberatung\/","title":{"rendered":"Stiftungsberatung"},"content":{"rendered":"<p>[vc_row][vc_column width=&#8220;1\/6&#8243;][\/vc_column][vc_column width=&#8220;2\/3&#8243;][vc_custom_heading text=&#8220;Stiftungsberatung&#8220; google_fonts=&#8220;font_family:Roboto%20Condensed%3A300%2C300italic%2Cregular%2Citalic%2C700%2C700italic|font_style:300%20light%20regular%3A300%3Anormal&#8220;][\/vc_column][vc_column width=&#8220;1\/6&#8243;][\/vc_column][\/vc_row][vc_row][vc_column width=&#8220;1\/6&#8243;][\/vc_column][vc_column width=&#8220;2\/3&#8243;][vc_column_text]Mit einer Stiftung schaffen Sie eine Einrichtung, die Jahrzehnte, vielleicht sogar Jahrhunderte \u00fcberdauern wird und soll. Umso wichtiger f\u00fcr Sie ist es, von Anfang an die richtigen Grundlagen f\u00fcr die \u201eUnternehmung\u201c Stiftung zu schaffen: Im Mittelpunkt steht das Ziel, Ihre Stiftungsidee im Sinne eines klar definierten Stiftungszweckes genauso zu realisieren, dass Ihr Wille dauerhaft erf\u00fcllt wird.<\/p>\n<p>Wir informieren Sie umfassend \u00fcber zivil- und steuerrechtliche Fragen und stellen zur Errichtung Ihrer Stiftung Kontakte zu Spezialisten aus unserem Netzwerk her. Wir\u00a0 unterst\u00fctzen Sie bei der professionellen Verwaltung Ihrer Stiftung und bieten Ihnen als Stifter eine Begleitung sowie ein dauerhaftes Controlling der Stiftungsgesch\u00e4fte an.[\/vc_column_text][\/vc_column][vc_column width=&#8220;1\/6&#8243;][\/vc_column][\/vc_row]<\/p>\n","protected":false},"excerpt":{"rendered":"<p>[vc_row][vc_column width=&#8220;1\/6&#8243;][\/vc_column][vc_column width=&#8220;2\/3&#8243;][vc_custom_heading text=&#8220;Stiftungsberatung&#8220; google_fonts=&#8220;font_family:Roboto%20Condensed%3A300%2C300italic%2Cregular%2Citalic%2C700%2C700italic|font_style:300%20light%20regular%3A300%3Anormal&#8220;][\/vc_column][vc_column width=&#8220;1\/6&#8243;][\/vc_column][\/vc_row][vc_row][vc_column width=&#8220;1\/6&#8243;][\/vc_column][vc_column width=&#8220;2\/3&#8243;][vc_column_text]Mit einer Stiftung schaffen Sie eine Einrichtung, die Jahrzehnte, vielleicht sogar Jahrhunderte \u00fcberdauern wird und soll. Umso wichtiger f\u00fcr Sie ist es, von Anfang an die richtigen Grundlagen f\u00fcr die \u201eUnternehmung\u201c Stiftung zu schaffen: Im Mittelpunkt steht das Ziel, Ihre Stiftungsidee im Sinne eines klar definierten Stiftungszweckes genauso zu realisieren, dass Ihr Wille&#8230;<\/p>\n","protected":false},"author":7,"featured_media":0,"parent":4057,"menu_order":0,"comment_status":"closed","ping_status":"closed","template":"","meta":[],"yoast_head":"<!-- This site is optimized with the Yoast SEO plugin v16.0.2 - https:\/\/yoast.com\/wordpress\/plugins\/seo\/ -->\n<title>Stiftungsberatung &ndash; Bremer Family Office AG<\/title>\n<meta name=\"description\" content=\"Mit einer Stiftung schaffen Sie eine Einrichtung, die Jahrzehnte, vielleicht sogar Jahrhunderte \u00fcberdauern wird und soll. &ndash; Stiftungsberatung\" \/>\n<link rel=\"canonical\" href=\"https:\/\/bfo-ag.de\/index.php\/leistungen\/stiftungsberatung\/\" \/>\n<meta property=\"og:locale\" content=\"de_DE\" \/>\n<meta property=\"og:type\" content=\"article\" \/>\n<meta property=\"og:title\" content=\"Stiftungsberatung &ndash; Bremer Family Office AG\" \/>\n<meta property=\"og:description\" content=\"Mit einer Stiftung schaffen Sie eine Einrichtung, die Jahrzehnte, vielleicht sogar Jahrhunderte \u00fcberdauern wird und soll. &ndash; Stiftungsberatung\" \/>\n<meta property=\"og:url\" content=\"https:\/\/bfo-ag.de\/index.php\/leistungen\/stiftungsberatung\/\" \/>\n<meta property=\"og:site_name\" content=\"Bremer Family Office AG\" \/>\n<meta property=\"article:modified_time\" content=\"2021-05-27T17:04:19+00:00\" \/>\n<meta name=\"twitter:card\" content=\"summary\" \/>\n<meta name=\"twitter:label1\" content=\"Gesch\u00e4tzte Lesezeit\">\n\t<meta name=\"twitter:data1\" content=\"1\u00a0Minute\">\n<script type=\"application\/ld+json\" class=\"yoast-schema-graph\">{\"@context\":\"https:\/\/schema.org\",\"@graph\":[{\"@type\":\"WebSite\",\"@id\":\"https:\/\/bfo-ag.de\/#website\",\"url\":\"https:\/\/bfo-ag.de\/\",\"name\":\"Bremer Family Office AG\",\"description\":\"Ihr Partner f\\u00fcr\",\"potentialAction\":[{\"@type\":\"SearchAction\",\"target\":\"https:\/\/bfo-ag.de\/?s={search_term_string}\",\"query-input\":\"required name=search_term_string\"}],\"inLanguage\":\"de\"},{\"@type\":\"WebPage\",\"@id\":\"https:\/\/bfo-ag.de\/index.php\/leistungen\/stiftungsberatung\/#webpage\",\"url\":\"https:\/\/bfo-ag.de\/index.php\/leistungen\/stiftungsberatung\/\",\"name\":\"Stiftungsberatung &ndash; Bremer Family Office AG\",\"isPartOf\":{\"@id\":\"https:\/\/bfo-ag.de\/#website\"},\"datePublished\":\"2021-05-03T15:15:10+00:00\",\"dateModified\":\"2021-05-27T17:04:19+00:00\",\"description\":\"Mit einer Stiftung schaffen Sie eine Einrichtung, die Jahrzehnte, vielleicht sogar Jahrhunderte \\u00fcberdauern wird und soll. &ndash; Stiftungsberatung\",\"breadcrumb\":{\"@id\":\"https:\/\/bfo-ag.de\/index.php\/leistungen\/stiftungsberatung\/#breadcrumb\"},\"inLanguage\":\"de\",\"potentialAction\":[{\"@type\":\"ReadAction\",\"target\":[\"https:\/\/bfo-ag.de\/index.php\/leistungen\/stiftungsberatung\/\"]}]},{\"@type\":\"BreadcrumbList\",\"@id\":\"https:\/\/bfo-ag.de\/index.php\/leistungen\/stiftungsberatung\/#breadcrumb\",\"itemListElement\":[{\"@type\":\"ListItem\",\"position\":1,\"item\":{\"@type\":\"WebPage\",\"@id\":\"https:\/\/bfo-ag.de\/\",\"url\":\"https:\/\/bfo-ag.de\/\",\"name\":\"Startseite\"}},{\"@type\":\"ListItem\",\"position\":2,\"item\":{\"@type\":\"WebPage\",\"@id\":\"https:\/\/bfo-ag.de\/index.php\/leistungen\/\",\"url\":\"https:\/\/bfo-ag.de\/index.php\/leistungen\/\",\"name\":\"Leistungen\"}},{\"@type\":\"ListItem\",\"position\":3,\"item\":{\"@type\":\"WebPage\",\"@id\":\"https:\/\/bfo-ag.de\/index.php\/leistungen\/stiftungsberatung\/\",\"url\":\"https:\/\/bfo-ag.de\/index.php\/leistungen\/stiftungsberatung\/\",\"name\":\"Stiftungsberatung\"}}]}]}<\/script>\n<!-- \/ Yoast SEO plugin. -->","_links":{"self":[{"href":"https:\/\/bfo-ag.de\/index.php\/wp-json\/wp\/v2\/pages\/4332"}],"collection":[{"href":"https:\/\/bfo-ag.de\/index.php\/wp-json\/wp\/v2\/pages"}],"about":[{"href":"https:\/\/bfo-ag.de\/index.php\/wp-json\/wp\/v2\/types\/page"}],"author":[{"embeddable":true,"href":"https:\/\/bfo-ag.de\/index.php\/wp-json\/wp\/v2\/users\/7"}],"replies":[{"embeddable":true,"href":"https:\/\/bfo-ag.de\/index.php\/wp-json\/wp\/v2\/comments?post=4332"}],"version-history":[{"count":4,"href":"https:\/\/bfo-ag.de\/index.php\/wp-json\/wp\/v2\/pages\/4332\/revisions"}],"predecessor-version":[{"id":4485,"href":"https:\/\/bfo-ag.de\/index.php\/wp-json\/wp\/v2\/pages\/4332\/revisions\/4485"}],"up":[{"embeddable":true,"href":"https:\/\/bfo-ag.de\/index.php\/wp-json\/wp\/v2\/pages\/4057"}],"wp:attachment":[{"href":"https:\/\/bfo-ag.de\/index.php\/wp-json\/wp\/v2\/media?parent=4332"}],"curies":[{"name":"wp","href":"https:\/\/api.w.org\/{rel}","templated":true}]}}