{"id":4063,"date":"2016-12-20T16:55:11","date_gmt":"2016-12-20T15:55:11","guid":{"rendered":"http:\/\/bfo-ag.de\/?page_id=4063"},"modified":"2021-05-27T18:55:20","modified_gmt":"2021-05-27T16:55:20","slug":"immaterielle-vorsorge","status":"publish","type":"page","link":"https:\/\/bfo-ag.de\/index.php\/leistungen\/immaterielle-vorsorge\/","title":{"rendered":"Immaterielle Vorsorge"},"content":{"rendered":"<p>[vc_row][vc_column width=&#8220;1\/6&#8243;][\/vc_column][vc_column width=&#8220;2\/3&#8243;][vc_custom_heading text=&#8220;Immaterielle Vorsorge&#8220; google_fonts=&#8220;font_family:Roboto%20Condensed%3A300%2C300italic%2Cregular%2Citalic%2C700%2C700italic|font_style:300%20light%20regular%3A300%3Anormal&#8220;][\/vc_column][vc_column width=&#8220;1\/6&#8243;][\/vc_column][\/vc_row][vc_row][vc_column width=&#8220;1\/6&#8243;][\/vc_column][vc_column width=&#8220;2\/3&#8243;][vc_column_text]Nach eigenen Vorstellungen \u00fcber geschaffene Werte zu verf\u00fcgen bedeutet, sich Gedanken zu machen \u00fcber bisherige aber auch zuk\u00fcnftige verm\u00f6gensrechtliche Verf\u00fcgungen. Wir beraten als Au\u00dfenstehende bei der aktiven Herangehensweise an dieses sehr pers\u00f6nliche Thema emotionsfrei. In Verbindung mit unseren Netzwerk-Partnern helfen wir, vorhandene Verf\u00fcgungen regelm\u00e4\u00dfig zu \u00fcberpr\u00fcfen und ggfs. notwendigen sachlichen oder emotionalen Ver\u00e4nderungen anzupassen. Vorauszudenken schafft Klarheit und Transparenz. Bei der Planung eines notariellen Testaments oder Erbvertrages unterst\u00fctzen wir umfassend. Die \u00dcbertragung von Verm\u00f6genswerten in eine Stiftung und die Ber\u00fccksichtigung der damit verbundenen Anforderungen an Struktur (Gremien) und laufende \u00dcberwachung geh\u00f6rt zu unserem Beratungsportfolio.[\/vc_column_text][\/vc_column][vc_column width=&#8220;1\/6&#8243;][\/vc_column][\/vc_row]<\/p>\n","protected":false},"excerpt":{"rendered":"<p>[vc_row][vc_column width=&#8220;1\/6&#8243;][\/vc_column][vc_column width=&#8220;2\/3&#8243;][vc_custom_heading text=&#8220;Immaterielle Vorsorge&#8220; google_fonts=&#8220;font_family:Roboto%20Condensed%3A300%2C300italic%2Cregular%2Citalic%2C700%2C700italic|font_style:300%20light%20regular%3A300%3Anormal&#8220;][\/vc_column][vc_column width=&#8220;1\/6&#8243;][\/vc_column][\/vc_row][vc_row][vc_column width=&#8220;1\/6&#8243;][\/vc_column][vc_column width=&#8220;2\/3&#8243;][vc_column_text]Nach eigenen Vorstellungen \u00fcber geschaffene Werte zu verf\u00fcgen bedeutet, sich Gedanken zu machen \u00fcber bisherige aber auch zuk\u00fcnftige verm\u00f6gensrechtliche Verf\u00fcgungen. Wir beraten als Au\u00dfenstehende bei der aktiven Herangehensweise an dieses sehr pers\u00f6nliche Thema emotionsfrei. In Verbindung mit unseren Netzwerk-Partnern helfen wir, vorhandene Verf\u00fcgungen regelm\u00e4\u00dfig zu \u00fcberpr\u00fcfen und ggfs. notwendigen sachlichen oder emotionalen&#8230;<\/p>\n","protected":false},"author":2,"featured_media":0,"parent":4057,"menu_order":0,"comment_status":"closed","ping_status":"closed","template":"","meta":[],"yoast_head":"<!-- This site is optimized with the Yoast SEO plugin v16.0.2 - https:\/\/yoast.com\/wordpress\/plugins\/seo\/ -->\n<title>Immaterielle Vorsorge &ndash; Bremer Family Office AG<\/title>\n<meta name=\"description\" content=\"BFO Immaterielle Vorsorge - Vorauszudenken schafft Klarheit und Transparenz. Bei Ihrer Planung unterst\u00fctzen wir Sie umfassend.\" \/>\n<link rel=\"canonical\" href=\"https:\/\/bfo-ag.de\/index.php\/leistungen\/immaterielle-vorsorge\/\" \/>\n<meta property=\"og:locale\" content=\"de_DE\" \/>\n<meta property=\"og:type\" content=\"article\" \/>\n<meta property=\"og:title\" content=\"Immaterielle Vorsorge &ndash; Bremer Family Office AG\" \/>\n<meta property=\"og:description\" content=\"BFO Immaterielle Vorsorge - Vorauszudenken schafft Klarheit und Transparenz. Bei Ihrer Planung unterst\u00fctzen wir Sie umfassend.\" \/>\n<meta property=\"og:url\" content=\"https:\/\/bfo-ag.de\/index.php\/leistungen\/immaterielle-vorsorge\/\" \/>\n<meta property=\"og:site_name\" content=\"Bremer Family Office AG\" \/>\n<meta property=\"article:modified_time\" content=\"2021-05-27T16:55:20+00:00\" \/>\n<meta name=\"twitter:card\" content=\"summary\" \/>\n<meta name=\"twitter:label1\" content=\"Gesch\u00e4tzte Lesezeit\">\n\t<meta name=\"twitter:data1\" content=\"1\u00a0Minute\">\n<script type=\"application\/ld+json\" class=\"yoast-schema-graph\">{\"@context\":\"https:\/\/schema.org\",\"@graph\":[{\"@type\":\"WebSite\",\"@id\":\"https:\/\/bfo-ag.de\/#website\",\"url\":\"https:\/\/bfo-ag.de\/\",\"name\":\"Bremer Family Office AG\",\"description\":\"Ihr Partner f\\u00fcr\",\"potentialAction\":[{\"@type\":\"SearchAction\",\"target\":\"https:\/\/bfo-ag.de\/?s={search_term_string}\",\"query-input\":\"required name=search_term_string\"}],\"inLanguage\":\"de\"},{\"@type\":\"WebPage\",\"@id\":\"https:\/\/bfo-ag.de\/index.php\/leistungen\/immaterielle-vorsorge\/#webpage\",\"url\":\"https:\/\/bfo-ag.de\/index.php\/leistungen\/immaterielle-vorsorge\/\",\"name\":\"Immaterielle Vorsorge &ndash; Bremer Family Office AG\",\"isPartOf\":{\"@id\":\"https:\/\/bfo-ag.de\/#website\"},\"datePublished\":\"2016-12-20T15:55:11+00:00\",\"dateModified\":\"2021-05-27T16:55:20+00:00\",\"description\":\"BFO Immaterielle Vorsorge - Vorauszudenken schafft Klarheit und Transparenz. Bei Ihrer Planung unterst\\u00fctzen wir Sie umfassend.\",\"breadcrumb\":{\"@id\":\"https:\/\/bfo-ag.de\/index.php\/leistungen\/immaterielle-vorsorge\/#breadcrumb\"},\"inLanguage\":\"de\",\"potentialAction\":[{\"@type\":\"ReadAction\",\"target\":[\"https:\/\/bfo-ag.de\/index.php\/leistungen\/immaterielle-vorsorge\/\"]}]},{\"@type\":\"BreadcrumbList\",\"@id\":\"https:\/\/bfo-ag.de\/index.php\/leistungen\/immaterielle-vorsorge\/#breadcrumb\",\"itemListElement\":[{\"@type\":\"ListItem\",\"position\":1,\"item\":{\"@type\":\"WebPage\",\"@id\":\"https:\/\/bfo-ag.de\/\",\"url\":\"https:\/\/bfo-ag.de\/\",\"name\":\"Startseite\"}},{\"@type\":\"ListItem\",\"position\":2,\"item\":{\"@type\":\"WebPage\",\"@id\":\"https:\/\/bfo-ag.de\/index.php\/leistungen\/\",\"url\":\"https:\/\/bfo-ag.de\/index.php\/leistungen\/\",\"name\":\"Leistungen\"}},{\"@type\":\"ListItem\",\"position\":3,\"item\":{\"@type\":\"WebPage\",\"@id\":\"https:\/\/bfo-ag.de\/index.php\/leistungen\/immaterielle-vorsorge\/\",\"url\":\"https:\/\/bfo-ag.de\/index.php\/leistungen\/immaterielle-vorsorge\/\",\"name\":\"Immaterielle Vorsorge\"}}]}]}<\/script>\n<!-- \/ Yoast SEO plugin. -->","_links":{"self":[{"href":"https:\/\/bfo-ag.de\/index.php\/wp-json\/wp\/v2\/pages\/4063"}],"collection":[{"href":"https:\/\/bfo-ag.de\/index.php\/wp-json\/wp\/v2\/pages"}],"about":[{"href":"https:\/\/bfo-ag.de\/index.php\/wp-json\/wp\/v2\/types\/page"}],"author":[{"embeddable":true,"href":"https:\/\/bfo-ag.de\/index.php\/wp-json\/wp\/v2\/users\/2"}],"replies":[{"embeddable":true,"href":"https:\/\/bfo-ag.de\/index.php\/wp-json\/wp\/v2\/comments?post=4063"}],"version-history":[{"count":5,"href":"https:\/\/bfo-ag.de\/index.php\/wp-json\/wp\/v2\/pages\/4063\/revisions"}],"predecessor-version":[{"id":4481,"href":"https:\/\/bfo-ag.de\/index.php\/wp-json\/wp\/v2\/pages\/4063\/revisions\/4481"}],"up":[{"embeddable":true,"href":"https:\/\/bfo-ag.de\/index.php\/wp-json\/wp\/v2\/pages\/4057"}],"wp:attachment":[{"href":"https:\/\/bfo-ag.de\/index.php\/wp-json\/wp\/v2\/media?parent=4063"}],"curies":[{"name":"wp","href":"https:\/\/api.w.org\/{rel}","templated":true}]}}