{"id":4061,"date":"2016-12-20T16:54:52","date_gmt":"2016-12-20T15:54:52","guid":{"rendered":"http:\/\/bfo-ag.de\/?page_id=4061"},"modified":"2021-05-17T17:39:11","modified_gmt":"2021-05-17T15:39:11","slug":"vermoegenscontrolling","status":"publish","type":"page","link":"https:\/\/bfo-ag.de\/index.php\/leistungen\/vermoegenscontrolling\/","title":{"rendered":"Verm\u00f6genscontrolling"},"content":{"rendered":"<p>[vc_row][vc_column width=&#8220;1\/6&#8243;][\/vc_column][vc_column width=&#8220;2\/3&#8243;][vc_custom_heading text=&#8220;Verm\u00f6genscontrolling&#8220; google_fonts=&#8220;font_family:Roboto%20Condensed%3A300%2C300italic%2Cregular%2Citalic%2C700%2C700italic|font_style:300%20light%20regular%3A300%3Anormal&#8220;][\/vc_column][vc_column width=&#8220;1\/6&#8243;][\/vc_column][\/vc_row][vc_row][vc_column width=&#8220;1\/6&#8243;][\/vc_column][vc_column width=&#8220;2\/3&#8243;][vc_column_text]Verm\u00f6genscontrolling &#8211; Hier steht Transparenz im Vordergrund. Wir f\u00fchren Bestands- und Entwicklungsanalysen durch, pr\u00fcfen die Diversifikation des Verm\u00f6gens, beurteilen Rendite- und Risikoverh\u00e4ltnisse sowie Fragen der Kosten- und Marktgerechtigkeit. Ziel unseres Verm\u00f6genscontrollings ist, alle relevanten Informationen, die Basis f\u00fcr Empfehlungen und Entscheidungen sind, verst\u00e4ndlich und gleichzeitig \u00fcbersichtlich zur Verf\u00fcgung zu stellen.[\/vc_column_text][\/vc_column][vc_column width=&#8220;1\/6&#8243;][\/vc_column][\/vc_row]<\/p>\n","protected":false},"excerpt":{"rendered":"<p>[vc_row][vc_column width=&#8220;1\/6&#8243;][\/vc_column][vc_column width=&#8220;2\/3&#8243;][vc_custom_heading text=&#8220;Verm\u00f6genscontrolling&#8220; google_fonts=&#8220;font_family:Roboto%20Condensed%3A300%2C300italic%2Cregular%2Citalic%2C700%2C700italic|font_style:300%20light%20regular%3A300%3Anormal&#8220;][\/vc_column][vc_column width=&#8220;1\/6&#8243;][\/vc_column][\/vc_row][vc_row][vc_column width=&#8220;1\/6&#8243;][\/vc_column][vc_column width=&#8220;2\/3&#8243;][vc_column_text]Verm\u00f6genscontrolling &#8211; Hier steht Transparenz im Vordergrund. Wir f\u00fchren Bestands- und Entwicklungsanalysen durch, pr\u00fcfen die Diversifikation des Verm\u00f6gens, beurteilen Rendite- und Risikoverh\u00e4ltnisse sowie Fragen der Kosten- und Marktgerechtigkeit. Ziel unseres Verm\u00f6genscontrollings ist, alle relevanten Informationen, die Basis f\u00fcr Empfehlungen und Entscheidungen sind, verst\u00e4ndlich und gleichzeitig \u00fcbersichtlich zur Verf\u00fcgung zu stellen.[\/vc_column_text][\/vc_column][vc_column width=&#8220;1\/6&#8243;][\/vc_column][\/vc_row]<\/p>\n","protected":false},"author":2,"featured_media":0,"parent":4057,"menu_order":0,"comment_status":"closed","ping_status":"closed","template":"","meta":[],"yoast_head":"<!-- This site is optimized with the Yoast SEO plugin v16.0.2 - https:\/\/yoast.com\/wordpress\/plugins\/seo\/ -->\n<title>Verm\u00f6genscontrolling &ndash; Bremer Family Office AG Verm\u00f6genscontrolling<\/title>\n<meta name=\"description\" content=\"Hier steht Transparenz im Vordergrund. Wir f\u00fchren Bestands- und Entwicklungsanalysen durch, pr\u00fcfen die Diversifikation des Verm\u00f6gens.\" \/>\n<link rel=\"canonical\" href=\"https:\/\/bfo-ag.de\/index.php\/leistungen\/vermoegenscontrolling\/\" \/>\n<meta property=\"og:locale\" content=\"de_DE\" \/>\n<meta property=\"og:type\" content=\"article\" \/>\n<meta property=\"og:title\" content=\"Verm\u00f6genscontrolling &ndash; Bremer Family Office AG Verm\u00f6genscontrolling\" \/>\n<meta property=\"og:description\" content=\"Hier steht Transparenz im Vordergrund. Wir f\u00fchren Bestands- und Entwicklungsanalysen durch, pr\u00fcfen die Diversifikation des Verm\u00f6gens.\" \/>\n<meta property=\"og:url\" content=\"https:\/\/bfo-ag.de\/index.php\/leistungen\/vermoegenscontrolling\/\" \/>\n<meta property=\"og:site_name\" content=\"Bremer Family Office AG\" \/>\n<meta property=\"article:modified_time\" content=\"2021-05-17T15:39:11+00:00\" \/>\n<meta name=\"twitter:card\" content=\"summary\" \/>\n<meta name=\"twitter:label1\" content=\"Gesch\u00e4tzte Lesezeit\">\n\t<meta name=\"twitter:data1\" content=\"1\u00a0Minute\">\n<script type=\"application\/ld+json\" class=\"yoast-schema-graph\">{\"@context\":\"https:\/\/schema.org\",\"@graph\":[{\"@type\":\"WebSite\",\"@id\":\"https:\/\/bfo-ag.de\/#website\",\"url\":\"https:\/\/bfo-ag.de\/\",\"name\":\"Bremer Family Office AG\",\"description\":\"Ihr Partner f\\u00fcr\",\"potentialAction\":[{\"@type\":\"SearchAction\",\"target\":\"https:\/\/bfo-ag.de\/?s={search_term_string}\",\"query-input\":\"required name=search_term_string\"}],\"inLanguage\":\"de\"},{\"@type\":\"WebPage\",\"@id\":\"https:\/\/bfo-ag.de\/index.php\/leistungen\/vermoegenscontrolling\/#webpage\",\"url\":\"https:\/\/bfo-ag.de\/index.php\/leistungen\/vermoegenscontrolling\/\",\"name\":\"Verm\\u00f6genscontrolling &ndash; Bremer Family Office AG Verm\\u00f6genscontrolling\",\"isPartOf\":{\"@id\":\"https:\/\/bfo-ag.de\/#website\"},\"datePublished\":\"2016-12-20T15:54:52+00:00\",\"dateModified\":\"2021-05-17T15:39:11+00:00\",\"description\":\"Hier steht Transparenz im Vordergrund. Wir f\\u00fchren Bestands- und Entwicklungsanalysen durch, pr\\u00fcfen die Diversifikation des Verm\\u00f6gens.\",\"breadcrumb\":{\"@id\":\"https:\/\/bfo-ag.de\/index.php\/leistungen\/vermoegenscontrolling\/#breadcrumb\"},\"inLanguage\":\"de\",\"potentialAction\":[{\"@type\":\"ReadAction\",\"target\":[\"https:\/\/bfo-ag.de\/index.php\/leistungen\/vermoegenscontrolling\/\"]}]},{\"@type\":\"BreadcrumbList\",\"@id\":\"https:\/\/bfo-ag.de\/index.php\/leistungen\/vermoegenscontrolling\/#breadcrumb\",\"itemListElement\":[{\"@type\":\"ListItem\",\"position\":1,\"item\":{\"@type\":\"WebPage\",\"@id\":\"https:\/\/bfo-ag.de\/\",\"url\":\"https:\/\/bfo-ag.de\/\",\"name\":\"Startseite\"}},{\"@type\":\"ListItem\",\"position\":2,\"item\":{\"@type\":\"WebPage\",\"@id\":\"https:\/\/bfo-ag.de\/index.php\/leistungen\/\",\"url\":\"https:\/\/bfo-ag.de\/index.php\/leistungen\/\",\"name\":\"Leistungen\"}},{\"@type\":\"ListItem\",\"position\":3,\"item\":{\"@type\":\"WebPage\",\"@id\":\"https:\/\/bfo-ag.de\/index.php\/leistungen\/vermoegenscontrolling\/\",\"url\":\"https:\/\/bfo-ag.de\/index.php\/leistungen\/vermoegenscontrolling\/\",\"name\":\"Verm\\u00f6genscontrolling\"}}]}]}<\/script>\n<!-- \/ Yoast SEO plugin. -->","_links":{"self":[{"href":"https:\/\/bfo-ag.de\/index.php\/wp-json\/wp\/v2\/pages\/4061"}],"collection":[{"href":"https:\/\/bfo-ag.de\/index.php\/wp-json\/wp\/v2\/pages"}],"about":[{"href":"https:\/\/bfo-ag.de\/index.php\/wp-json\/wp\/v2\/types\/page"}],"author":[{"embeddable":true,"href":"https:\/\/bfo-ag.de\/index.php\/wp-json\/wp\/v2\/users\/2"}],"replies":[{"embeddable":true,"href":"https:\/\/bfo-ag.de\/index.php\/wp-json\/wp\/v2\/comments?post=4061"}],"version-history":[{"count":6,"href":"https:\/\/bfo-ag.de\/index.php\/wp-json\/wp\/v2\/pages\/4061\/revisions"}],"predecessor-version":[{"id":4242,"href":"https:\/\/bfo-ag.de\/index.php\/wp-json\/wp\/v2\/pages\/4061\/revisions\/4242"}],"up":[{"embeddable":true,"href":"https:\/\/bfo-ag.de\/index.php\/wp-json\/wp\/v2\/pages\/4057"}],"wp:attachment":[{"href":"https:\/\/bfo-ag.de\/index.php\/wp-json\/wp\/v2\/media?parent=4061"}],"curies":[{"name":"wp","href":"https:\/\/api.w.org\/{rel}","templated":true}]}}