{"id":4059,"date":"2016-12-20T16:54:35","date_gmt":"2016-12-20T15:54:35","guid":{"rendered":"http:\/\/bfo-ag.de\/?page_id=4059"},"modified":"2021-05-17T17:14:37","modified_gmt":"2021-05-17T15:14:37","slug":"finanzplanung","status":"publish","type":"page","link":"https:\/\/bfo-ag.de\/index.php\/leistungen\/finanzplanung\/","title":{"rendered":"Finanzplanung &#8211; Bremer Family Office AG"},"content":{"rendered":"<p>[vc_row][vc_column width=&#8220;1\/6&#8243;][\/vc_column][vc_column width=&#8220;2\/3&#8243;][vc_custom_heading text=&#8220;Finanzplanung&#8220; google_fonts=&#8220;font_family:Roboto%20Condensed%3A300%2C300italic%2Cregular%2Citalic%2C700%2C700italic|font_style:300%20light%20regular%3A300%3Anormal&#8220;][\/vc_column][vc_column width=&#8220;1\/6&#8243;][\/vc_column][\/vc_row][vc_row][vc_column width=&#8220;1\/6&#8243;][\/vc_column][vc_column width=&#8220;2\/3&#8243;][vc_column_text]Bei unserer Finanzplanung geht es zun\u00e4chst um die Analyse der vorhandenen Verm\u00f6genswerte und -strukturen. Wir pr\u00fcfen bestehende Finanzprodukte, Immobilien, Finanzierungen sowie Versicherungen. Auch steuerliche und rechtliche Aspekte beziehen wir bei Bedarf mit den Beratern unserer Mandanten oder mit unseren Netzwerk-Partnern in die Beratung mit ein. Den individuell passenden strategischen Ansatz leiten wir jeweils aus den Zielen unserer Mandanten ab. Auf dieser Basis wird von uns ein Ma\u00dfnahmen- und Umsetzungskonzept erarbeitet. Bei den daraus resultierenden Handlungsschritten und -ergebnissen begleiten wir unsere Mandanten nachhaltig.[\/vc_column_text][\/vc_column][vc_column width=&#8220;1\/6&#8243;][\/vc_column][\/vc_row]<\/p>\n","protected":false},"excerpt":{"rendered":"<p>[vc_row][vc_column width=&#8220;1\/6&#8243;][\/vc_column][vc_column width=&#8220;2\/3&#8243;][vc_custom_heading text=&#8220;Finanzplanung&#8220; google_fonts=&#8220;font_family:Roboto%20Condensed%3A300%2C300italic%2Cregular%2Citalic%2C700%2C700italic|font_style:300%20light%20regular%3A300%3Anormal&#8220;][\/vc_column][vc_column width=&#8220;1\/6&#8243;][\/vc_column][\/vc_row][vc_row][vc_column width=&#8220;1\/6&#8243;][\/vc_column][vc_column width=&#8220;2\/3&#8243;][vc_column_text]Bei unserer Finanzplanung geht es zun\u00e4chst um die Analyse der vorhandenen Verm\u00f6genswerte und -strukturen. Wir pr\u00fcfen bestehende Finanzprodukte, Immobilien, Finanzierungen sowie Versicherungen. Auch steuerliche und rechtliche Aspekte beziehen wir bei Bedarf mit den Beratern unserer Mandanten oder mit unseren Netzwerk-Partnern in die Beratung mit ein. Den individuell passenden strategischen Ansatz leiten wir jeweils&#8230;<\/p>\n","protected":false},"author":2,"featured_media":0,"parent":4057,"menu_order":0,"comment_status":"closed","ping_status":"closed","template":"","meta":[],"yoast_head":"<!-- This site is optimized with the Yoast SEO plugin v16.0.2 - https:\/\/yoast.com\/wordpress\/plugins\/seo\/ -->\n<title>Finanzplanung - Bremer Family Office AG &ndash; Bremer Family Office AG<\/title>\n<meta name=\"description\" content=\"BFO Finanzplanung - Bei unserer Finanzplanung geht es zun\u00e4chst um die Analyse der vorhandenen Verm\u00f6genswerte und -strukturen.\" \/>\n<link rel=\"canonical\" href=\"https:\/\/bfo-ag.de\/index.php\/leistungen\/finanzplanung\/\" \/>\n<meta property=\"og:locale\" content=\"de_DE\" \/>\n<meta property=\"og:type\" content=\"article\" \/>\n<meta property=\"og:title\" content=\"Finanzplanung - Bremer Family Office AG &ndash; Bremer Family Office AG\" \/>\n<meta property=\"og:description\" content=\"BFO Finanzplanung - Bei unserer Finanzplanung geht es zun\u00e4chst um die Analyse der vorhandenen Verm\u00f6genswerte und -strukturen.\" \/>\n<meta property=\"og:url\" content=\"https:\/\/bfo-ag.de\/index.php\/leistungen\/finanzplanung\/\" \/>\n<meta property=\"og:site_name\" content=\"Bremer Family Office AG\" \/>\n<meta property=\"article:modified_time\" content=\"2021-05-17T15:14:37+00:00\" \/>\n<meta name=\"twitter:card\" content=\"summary\" \/>\n<meta name=\"twitter:label1\" content=\"Gesch\u00e4tzte Lesezeit\">\n\t<meta name=\"twitter:data1\" content=\"1\u00a0Minute\">\n<script type=\"application\/ld+json\" class=\"yoast-schema-graph\">{\"@context\":\"https:\/\/schema.org\",\"@graph\":[{\"@type\":\"WebSite\",\"@id\":\"https:\/\/bfo-ag.de\/#website\",\"url\":\"https:\/\/bfo-ag.de\/\",\"name\":\"Bremer Family Office AG\",\"description\":\"Ihr Partner f\\u00fcr\",\"potentialAction\":[{\"@type\":\"SearchAction\",\"target\":\"https:\/\/bfo-ag.de\/?s={search_term_string}\",\"query-input\":\"required name=search_term_string\"}],\"inLanguage\":\"de\"},{\"@type\":\"WebPage\",\"@id\":\"https:\/\/bfo-ag.de\/index.php\/leistungen\/finanzplanung\/#webpage\",\"url\":\"https:\/\/bfo-ag.de\/index.php\/leistungen\/finanzplanung\/\",\"name\":\"Finanzplanung - Bremer Family Office AG &ndash; Bremer Family Office AG\",\"isPartOf\":{\"@id\":\"https:\/\/bfo-ag.de\/#website\"},\"datePublished\":\"2016-12-20T15:54:35+00:00\",\"dateModified\":\"2021-05-17T15:14:37+00:00\",\"description\":\"BFO Finanzplanung - Bei unserer Finanzplanung geht es zun\\u00e4chst um die Analyse der vorhandenen Verm\\u00f6genswerte und -strukturen.\",\"breadcrumb\":{\"@id\":\"https:\/\/bfo-ag.de\/index.php\/leistungen\/finanzplanung\/#breadcrumb\"},\"inLanguage\":\"de\",\"potentialAction\":[{\"@type\":\"ReadAction\",\"target\":[\"https:\/\/bfo-ag.de\/index.php\/leistungen\/finanzplanung\/\"]}]},{\"@type\":\"BreadcrumbList\",\"@id\":\"https:\/\/bfo-ag.de\/index.php\/leistungen\/finanzplanung\/#breadcrumb\",\"itemListElement\":[{\"@type\":\"ListItem\",\"position\":1,\"item\":{\"@type\":\"WebPage\",\"@id\":\"https:\/\/bfo-ag.de\/\",\"url\":\"https:\/\/bfo-ag.de\/\",\"name\":\"Startseite\"}},{\"@type\":\"ListItem\",\"position\":2,\"item\":{\"@type\":\"WebPage\",\"@id\":\"https:\/\/bfo-ag.de\/index.php\/leistungen\/\",\"url\":\"https:\/\/bfo-ag.de\/index.php\/leistungen\/\",\"name\":\"Leistungen\"}},{\"@type\":\"ListItem\",\"position\":3,\"item\":{\"@type\":\"WebPage\",\"@id\":\"https:\/\/bfo-ag.de\/index.php\/leistungen\/finanzplanung\/\",\"url\":\"https:\/\/bfo-ag.de\/index.php\/leistungen\/finanzplanung\/\",\"name\":\"Finanzplanung &#8211; Bremer Family Office AG\"}}]}]}<\/script>\n<!-- \/ Yoast SEO plugin. -->","_links":{"self":[{"href":"https:\/\/bfo-ag.de\/index.php\/wp-json\/wp\/v2\/pages\/4059"}],"collection":[{"href":"https:\/\/bfo-ag.de\/index.php\/wp-json\/wp\/v2\/pages"}],"about":[{"href":"https:\/\/bfo-ag.de\/index.php\/wp-json\/wp\/v2\/types\/page"}],"author":[{"embeddable":true,"href":"https:\/\/bfo-ag.de\/index.php\/wp-json\/wp\/v2\/users\/2"}],"replies":[{"embeddable":true,"href":"https:\/\/bfo-ag.de\/index.php\/wp-json\/wp\/v2\/comments?post=4059"}],"version-history":[{"count":7,"href":"https:\/\/bfo-ag.de\/index.php\/wp-json\/wp\/v2\/pages\/4059\/revisions"}],"predecessor-version":[{"id":4240,"href":"https:\/\/bfo-ag.de\/index.php\/wp-json\/wp\/v2\/pages\/4059\/revisions\/4240"}],"up":[{"embeddable":true,"href":"https:\/\/bfo-ag.de\/index.php\/wp-json\/wp\/v2\/pages\/4057"}],"wp:attachment":[{"href":"https:\/\/bfo-ag.de\/index.php\/wp-json\/wp\/v2\/media?parent=4059"}],"curies":[{"name":"wp","href":"https:\/\/api.w.org\/{rel}","templated":true}]}}