{"id":4055,"date":"2016-12-20T16:53:54","date_gmt":"2016-12-20T15:53:54","guid":{"rendered":"http:\/\/bfo-ag.de\/?page_id=4055"},"modified":"2024-08-20T22:33:09","modified_gmt":"2024-08-20T20:33:09","slug":"vita","status":"publish","type":"page","link":"https:\/\/bfo-ag.de\/index.php\/vita\/","title":{"rendered":"Vita"},"content":{"rendered":"<p>[vc_row][vc_column][\/vc_column][\/vc_row][vc_row][vc_column width=&#8220;1\/3&#8243;][vc_single_image image=&#8220;4540&#8243; img_size=&#8220;full&#8220; alignment=&#8220;center&#8220; style=&#8220;vc_box_rounded&#8220;][\/vc_column][vc_column width=&#8220;2\/3&#8243;][vc_column_text]<strong>Wulf-Dietrich Sp\u00f6ring, Vorstand<\/strong><\/p>\n<p>Der in Verden\/Aller geborene Diplomkaufmann und Vater von vier erwachsenen Kindern verf\u00fcgt \u00fcber mehr als 35 Jahre Berufserfahrung im Bank- und Wertpapiergesch\u00e4ft.<\/p>\n<p>1979, nach landwirtschaftlicher Ausbildung\/Studium, Bundeswehr und Studium der Betriebswirtschaft, startete er als Trainee und Wertpapierberater bei einer gro\u00dfen Privatbank in Frankfurt und war in den 80er-Jahren im internationalen Privatkundengesch\u00e4ft in Luxemburg t\u00e4tig. Anschlie\u00dfend arbeitete er 15 Jahre in der Verm\u00f6gensverwaltung einer deutschen Gro\u00dfbank in Bremen, Hamburg und Frankfurt a. Main, davon acht Jahre als Leiter der Verm\u00f6gensverwaltung f\u00fcr die Gesamtbank.<\/p>\n<p>Von 2005 bis 2009 war er Gesch\u00e4ftsf\u00fchrer und Gesellschafter eines \u00fcberregionalen Multi-Family Office in Frankfurt.<\/p>\n<p>Seit 2009 ist er als Vorstand und Gesellschafter der heutigen Bremer Family Office AG verantwortlich t\u00e4tig.<\/p>\n<p>&nbsp;<\/p>\n<p>Sie erreichen Herrn Sp\u00f6ring direkt per E-Mail: <a href=\"mailto:spoering@bfo-ag.de\">Spoering@bfo-ag.de<\/a>[\/vc_column_text][\/vc_column][\/vc_row][vc_row][vc_column][vc_separator][\/vc_column][\/vc_row][vc_row][vc_column width=&#8220;1\/3&#8243;][vc_single_image image=&#8220;4521&#8243; img_size=&#8220;full&#8220; alignment=&#8220;center&#8220; style=&#8220;vc_box_rounded&#8220;][\/vc_column][vc_column width=&#8220;2\/3&#8243;][vc_column_text]<b>Thomas Meyer-Vierow, Partner<\/b><\/p>\n<p>Seit 35 Jahren ist der Bankkaufmann und Vater von 3 erwachsenen Kindern im Bereich des Firmenkundengesch\u00e4ftes Ansprechpartner f\u00fcr Unternehmer und Unternehmen.<\/p>\n<p>Nach seiner Traineeausbildung startete er 1991 seine Karriere bei einer gro\u00dfen Privatbank mit einigen Stationen im In- und Ausland. Anschlie\u00dfend war er viele Jahre in leitender Funktion bei einer Privatbank sowie einer gro\u00dfen Landesbank im Firmenkundengesch\u00e4ft t\u00e4tig.<\/p>\n<p>Der leidenschaftliche Segler verf\u00fcgt durch seine langj\u00e4hrige Unternehmensbegleitung \u00fcber ein enges und sachdienliches\u00a0 Netzwerk in Deutschland.<\/p>\n<p>&nbsp;<\/p>\n<p>Sie erreichen Herrn Meyer-Vierow direkt per E-Mail: <a href=\"mailto:Meyer-Vierow@bfo-ag.de\">Meyer-Vierow@bfo-ag.de<\/a>[\/vc_column_text][\/vc_column][\/vc_row][vc_row][vc_column][vc_separator][\/vc_column][\/vc_row][vc_row][vc_column width=&#8220;1\/3&#8243;][vc_single_image image=&#8220;4522&#8243; img_size=&#8220;full&#8220; alignment=&#8220;center&#8220; style=&#8220;vc_box_rounded&#8220;][\/vc_column][vc_column width=&#8220;2\/3&#8243;][vc_column_text]<b>Jan-Christoph Heitzhausen, Partner<\/b><\/p>\n<p style=\"font-weight: 400;\">Der geb\u00fcrtige Niedersachse sammelte erste berufliche Erfahrungen bei der CuP-Holding AG, wo er fr\u00fchzeitig Verantwortung beim Aufbau des Unternehmens \u00fcbernahm.<\/p>\n<p style=\"font-weight: 400;\">2006 wechselte der\u00a0 diplomierte Betriebswirt zur Citigroup nach Frankfurt. Dort beriet er umfassend bei der Anlage von Verm\u00f6genswerten, angefangen bei der Schaffung von Strukturen bis hin zur Verwaltung von liquiden und illiquiden Verm\u00f6genswerten. Anschlie\u00dfend war er bis 2016 bei Merck Finck Privatbankiers AG in derselben Funktion t\u00e4tig und konzentrierte sich neben der Betreuung von Familienverm\u00f6gen auf die kommunale Beratung f\u00fcr liquide Assets und deren Strukturen.<\/p>\n<p style=\"font-weight: 400;\">Im Jahr 2016 wechselte er zum unabh\u00e4ngigen Family Office FERI Trust GmbH nach Bad Homburg, wo er die Betreuung und strategische Beratung hochverm\u00f6gender Familien vollumf\u00e4nglich verantwortete. Seit 2020 spielte er als Teil des erweiterten Gr\u00fcndungsteams beim Aufbau der FINVIA Family Office in Frankfurt eine ma\u00dfgebliche Rolle.<br \/>\nPrivat ist die Leidenschaft zum Fu\u00dfball nach seiner aktiven Zeit geblieben und er engagiert sich im Ehrenamt als Trainer und in der Vereinsarbeit als Vorstand f\u00fcr Finanzen im ortsans\u00e4ssigen Verein.<\/p>\n<p>&nbsp;<\/p>\n<p>Sie erreichen Herrn Heitzhausen direkt per E-Mail: <a href=\"mailto:heitzhausen@bfo-ag.de\">Heitzhausen@bfo-ag.de<\/a>[\/vc_column_text][\/vc_column][\/vc_row][vc_row][vc_column][vc_separator][\/vc_column][\/vc_row][vc_row][vc_column width=&#8220;1\/3&#8243;][vc_single_image image=&#8220;4536&#8243; img_size=&#8220;full&#8220; alignment=&#8220;center&#8220; style=&#8220;vc_box_rounded&#8220;][\/vc_column][vc_column width=&#8220;2\/3&#8243;][vc_column_text]<strong>Thomas Goldschmidt, Vorstandsassistent<\/strong><\/p>\n<p style=\"font-weight: 400;\">Seit Anfang 2020 unterst\u00fctzt Herr Goldschmidt den Vorstand in allen Bereichen der Mandantengewinnung und der inhaltlichen Betreuung, wobei die Schwerpunkte gleicherma\u00dfen auf der Verm\u00f6gensstrukturierung und der Finanzplanung liegen.<\/p>\n<p style=\"font-weight: 400;\">Neben der Organisation des Tagesgesch\u00e4fts geh\u00f6rt die Investment-Recherche sowie die laufende Marktbeobachtung von traditionellen und alternativen Investments zu seinen Aufgaben. In enger Abstimmung mit der Gesch\u00e4ftsf\u00fchrung erfolgen die \u00a0Pr\u00fcfung und Auswahl von prospektiven Asset Managern. Zudem repr\u00e4sentiert er die Bremer Family Office AG gegen\u00fcber Verm\u00f6gensverwaltern. Dar\u00fcber hinaus verantwortet er die Bereiche Controlling und Reporting.<\/p>\n<p style=\"font-weight: 400;\">Seine Freizeit verteilt sich unter der Woche auf die berufsbezogene Weiterbildung sowie die Lekt\u00fcre von Sach- und Fachb\u00fcchern, welche nicht nur Finanzthemen behandeln m\u00fcssen. L\u00e4ngere Auszeiten werden f\u00fcr das Bereisen der s\u00fcdeurop\u00e4ischen Inselregionen genutzt.<\/p>\n<p>&nbsp;<\/p>\n<p>Sie erreichen Herrn Goldschmidt direkt per E-Mail: <a href=\"mailto:Goldschmidt@bfo-ag.de\">Goldschmidt@bfo-ag.de<\/a>[\/vc_column_text][\/vc_column][\/vc_row]<\/p>\n","protected":false},"excerpt":{"rendered":"<p>[vc_row][vc_column][\/vc_column][\/vc_row][vc_row][vc_column width=&#8220;1\/3&#8243;][vc_single_image image=&#8220;4540&#8243; img_size=&#8220;full&#8220; alignment=&#8220;center&#8220; style=&#8220;vc_box_rounded&#8220;][\/vc_column][vc_column width=&#8220;2\/3&#8243;][vc_column_text]Wulf-Dietrich Sp\u00f6ring, Vorstand Der in Verden\/Aller geborene Diplomkaufmann und Vater von vier erwachsenen Kindern verf\u00fcgt \u00fcber mehr als 35 Jahre Berufserfahrung im Bank- und Wertpapiergesch\u00e4ft. 1979, nach landwirtschaftlicher Ausbildung\/Studium, Bundeswehr und Studium der Betriebswirtschaft, startete er als Trainee und Wertpapierberater bei einer gro\u00dfen Privatbank in Frankfurt und war in den 80er-Jahren im internationalen Privatkundengesch\u00e4ft&#8230;<\/p>\n","protected":false},"author":2,"featured_media":0,"parent":0,"menu_order":0,"comment_status":"closed","ping_status":"closed","template":"","meta":[],"yoast_head":"<!-- This site is optimized with the Yoast SEO plugin v16.0.2 - https:\/\/yoast.com\/wordpress\/plugins\/seo\/ -->\n<title>Vita &ndash; Bremer Family Office AG<\/title>\n<meta name=\"description\" content=\"Vita Wulf-Dietrich Sp\u00f6ring - Seit 2009 bis heute ist er als Vorstand und Gesellschafter der ehemaligenSch\u00f6necker AG und heutigen Bremer Family Office AG\" \/>\n<link rel=\"canonical\" href=\"https:\/\/bfo-ag.de\/index.php\/vita\/\" \/>\n<meta property=\"og:locale\" content=\"de_DE\" \/>\n<meta property=\"og:type\" content=\"article\" \/>\n<meta property=\"og:title\" content=\"Vita &ndash; Bremer Family Office AG\" \/>\n<meta property=\"og:description\" content=\"Vita Wulf-Dietrich Sp\u00f6ring - Seit 2009 bis heute ist er als Vorstand und Gesellschafter der ehemaligenSch\u00f6necker AG und heutigen Bremer Family Office AG\" \/>\n<meta property=\"og:url\" content=\"https:\/\/bfo-ag.de\/index.php\/vita\/\" \/>\n<meta property=\"og:site_name\" content=\"Bremer Family Office AG\" \/>\n<meta property=\"article:modified_time\" content=\"2024-08-20T20:33:09+00:00\" \/>\n<meta name=\"twitter:card\" content=\"summary\" \/>\n<meta name=\"twitter:label1\" content=\"Gesch\u00e4tzte Lesezeit\">\n\t<meta name=\"twitter:data1\" content=\"3\u00a0Minuten\">\n<script type=\"application\/ld+json\" class=\"yoast-schema-graph\">{\"@context\":\"https:\/\/schema.org\",\"@graph\":[{\"@type\":\"WebSite\",\"@id\":\"https:\/\/bfo-ag.de\/#website\",\"url\":\"https:\/\/bfo-ag.de\/\",\"name\":\"Bremer Family Office AG\",\"description\":\"Ihr Partner f\\u00fcr\",\"potentialAction\":[{\"@type\":\"SearchAction\",\"target\":\"https:\/\/bfo-ag.de\/?s={search_term_string}\",\"query-input\":\"required name=search_term_string\"}],\"inLanguage\":\"de\"},{\"@type\":\"WebPage\",\"@id\":\"https:\/\/bfo-ag.de\/index.php\/vita\/#webpage\",\"url\":\"https:\/\/bfo-ag.de\/index.php\/vita\/\",\"name\":\"Vita &ndash; Bremer Family Office AG\",\"isPartOf\":{\"@id\":\"https:\/\/bfo-ag.de\/#website\"},\"datePublished\":\"2016-12-20T15:53:54+00:00\",\"dateModified\":\"2024-08-20T20:33:09+00:00\",\"description\":\"Vita Wulf-Dietrich Sp\\u00f6ring - Seit 2009 bis heute ist er als Vorstand und Gesellschafter der ehemaligenSch\\u00f6necker AG und heutigen Bremer Family Office AG\",\"breadcrumb\":{\"@id\":\"https:\/\/bfo-ag.de\/index.php\/vita\/#breadcrumb\"},\"inLanguage\":\"de\",\"potentialAction\":[{\"@type\":\"ReadAction\",\"target\":[\"https:\/\/bfo-ag.de\/index.php\/vita\/\"]}]},{\"@type\":\"BreadcrumbList\",\"@id\":\"https:\/\/bfo-ag.de\/index.php\/vita\/#breadcrumb\",\"itemListElement\":[{\"@type\":\"ListItem\",\"position\":1,\"item\":{\"@type\":\"WebPage\",\"@id\":\"https:\/\/bfo-ag.de\/\",\"url\":\"https:\/\/bfo-ag.de\/\",\"name\":\"Startseite\"}},{\"@type\":\"ListItem\",\"position\":2,\"item\":{\"@type\":\"WebPage\",\"@id\":\"https:\/\/bfo-ag.de\/index.php\/vita\/\",\"url\":\"https:\/\/bfo-ag.de\/index.php\/vita\/\",\"name\":\"Vita\"}}]}]}<\/script>\n<!-- \/ Yoast SEO plugin. -->","_links":{"self":[{"href":"https:\/\/bfo-ag.de\/index.php\/wp-json\/wp\/v2\/pages\/4055"}],"collection":[{"href":"https:\/\/bfo-ag.de\/index.php\/wp-json\/wp\/v2\/pages"}],"about":[{"href":"https:\/\/bfo-ag.de\/index.php\/wp-json\/wp\/v2\/types\/page"}],"author":[{"embeddable":true,"href":"https:\/\/bfo-ag.de\/index.php\/wp-json\/wp\/v2\/users\/2"}],"replies":[{"embeddable":true,"href":"https:\/\/bfo-ag.de\/index.php\/wp-json\/wp\/v2\/comments?post=4055"}],"version-history":[{"count":38,"href":"https:\/\/bfo-ag.de\/index.php\/wp-json\/wp\/v2\/pages\/4055\/revisions"}],"predecessor-version":[{"id":4551,"href":"https:\/\/bfo-ag.de\/index.php\/wp-json\/wp\/v2\/pages\/4055\/revisions\/4551"}],"wp:attachment":[{"href":"https:\/\/bfo-ag.de\/index.php\/wp-json\/wp\/v2\/media?parent=4055"}],"curies":[{"name":"wp","href":"https:\/\/api.w.org\/{rel}","templated":true}]}}